{"id":8856,"date":"2021-11-04T17:32:42","date_gmt":"2021-11-04T17:32:42","guid":{"rendered":"http:\/\/dummy.xtemos.com\/woodmart2\/elementor\/?page_id=8856"},"modified":"2024-04-02T13:34:34","modified_gmt":"2024-04-02T10:34:34","slug":"maintenance","status":"publish","type":"page","link":"http:\/\/destek.cankatranslator.com\/","title":{"rendered":"Anasayfa"},"content":{"rendered":"\t\t<div data-elementor-type=\"wp-page\" data-elementor-id=\"8856\" class=\"elementor elementor-8856\">\n\t\t\t\t\t\t<section class=\"elementor-section elementor-top-section elementor-element elementor-element-14dafef1 wd-section-stretch-content elementor-section-content-middle elementor-section-height-full elementor-section-items-stretch elementor-section-boxed elementor-section-height-default\" data-id=\"14dafef1\" data-element_type=\"section\">\n\t\t\t\t\t\t<div class=\"elementor-container elementor-column-gap-no\">\n\t\t\t\t\t<div class=\"elementor-column elementor-col-33 elementor-top-column elementor-element elementor-element-2d2fc4f3 color-scheme-light\" data-id=\"2d2fc4f3\" data-element_type=\"column\" data-settings=\"{&quot;background_background&quot;:&quot;classic&quot;}\">\n\t\t\t<div class=\"elementor-widget-wrap elementor-element-populated\">\n\t\t\t\t\t\t<div class=\"elementor-element elementor-element-86680a3 elementor-widget elementor-widget-image\" data-id=\"86680a3\" data-element_type=\"widget\" data-widget_type=\"image.default\">\n\t\t\t\t<div class=\"elementor-widget-container\">\n\t\t\t<style>\/*! elementor - v3.20.0 - 26-03-2024 *\/\n.elementor-widget-image{text-align:center}.elementor-widget-image a{display:inline-block}.elementor-widget-image a img[src$=\".svg\"]{width:48px}.elementor-widget-image img{vertical-align:middle;display:inline-block}<\/style>\t\t\t\t\t\t\t\t\t\t<img decoding=\"async\" width=\"300\" height=\"126\" src=\"http:\/\/destek.cankatranslator.com\/wp-content\/uploads\/2024\/04\/Basliksiz-1-300x126.png\" class=\"attachment-medium size-medium wp-image-8866\" alt=\"\" srcset=\"http:\/\/destek.cankatranslator.com\/wp-content\/uploads\/2024\/04\/Basliksiz-1-300x126.png 300w, http:\/\/destek.cankatranslator.com\/wp-content\/uploads\/2024\/04\/Basliksiz-1.png 543w\" sizes=\"(max-width: 300px) 100vw, 300px\" \/>\t\t\t\t\t\t\t\t\t\t\t\t\t<\/div>\n\t\t\t\t<\/div>\n\t\t\t\t<div class=\"elementor-element elementor-element-3eb1df3f elementor-widget elementor-widget-wd_title\" data-id=\"3eb1df3f\" data-element_type=\"widget\" data-widget_type=\"wd_title.default\">\n\t\t\t\t<div class=\"elementor-widget-container\">\n\t\t\t\t\t<div class=\"title-wrapper set-mb-s reset-last-child wd-title-color-primary wd-title-style-default wd-title-size-default text-center\">\n\n\t\t\t\t\t\t\t<div class=\"title-subtitle subtitle-color-primary subtitle-style-default wd-fontsize-xs\">\n\t\t\t\t\tS\u0130ZE NASIL YARDIMCI OLAB\u0130L\u0130R\u0130Z ?\t\t\t\t<\/div>\n\t\t\t\n\t\t\t<div class=\"liner-continer\">\n\t\t\t\t<h4 class=\"woodmart-title-container title wd-fontsize-l\">DESTEK TALEB\u0130<\/h4> \n\t\t\t\t\t\t\t<\/div>\n\n\t\t\t\t\t\t\t<div class=\"title-after_title set-cont-mb-s reset-last-child wd-fontsize-xs\">\n\t\t\t\t\t<p>\u00dcr\u00fcnlerimiz ile ilgili ya\u015fad\u0131\u011f\u0131n\u0131z sorunlar\u0131 kullan\u0131c\u0131 panelinizden destek talebi olarak bize iletebilirsiniz. \u0130letmi\u015f oldu\u011funuz destek talepleri birimlerimiz taraf\u0131ndan incelenerek ayr\u0131nt\u0131l\u0131 \u015fekilde yan\u0131tlanacakt\u0131r.<\/p>\t\t\t\t<\/div>\n\t\t\t\t\t<\/div>\n\t\t\t\t<\/div>\n\t\t\t\t<\/div>\n\t\t\t\t<div class=\"elementor-element elementor-element-489fa35e elementor-widget elementor-widget-wd_popup\" data-id=\"489fa35e\" data-element_type=\"widget\" data-widget_type=\"wd_popup.default\">\n\t\t\t\t<div class=\"elementor-widget-container\">\n\t\t\t\t\t\t\t<div class=\"wd-button-wrapper woodmart-button-wrapper text-center\" >\n\t\t\t<a class=\"btn btn-style-default btn-style-rectangle btn-size-extra-large wd-open-popup btn-scheme-light btn-scheme-hover-dark btn-icon-pos-right\"  href=\"#contact-form-popup\">\n\t\t\t\t<span class=\"wd-btn-text\" data-elementor-setting-key=\"text\">\n\t\t\t\t\tDESTEK TALEB\u0130 OLU\u015eTUR\t\t\t\t<\/span>\n\n\t\t\t\t\t\t\t<\/a>\n\t\t<\/div>\n\t\t\t\t\t\t\t<div id=\"contact-form-popup\" class=\"mfp-with-anim wd-popup mfp-hide woodmart-content-popup\" style=\"max-width:900px;\">\n\t\t\t\t<div class=\"wd-popup-inner\">\n\t\t\t\t\t\t\t\t<link rel=\"stylesheet\" id=\"elementor-post-1570-css\" href=\"http:\/\/destek.cankatranslator.com\/wp-content\/uploads\/elementor\/css\/post-1570.css?ver=1712007853\" type=\"text\/css\" media=\"all\">\n\t\t\t\t\t<div data-elementor-type=\"wp-post\" data-elementor-id=\"1570\" class=\"elementor elementor-1570\">\n\t\t\t\t\t\t<section class=\"elementor-section elementor-top-section elementor-element elementor-element-25dc3f7 elementor-section-boxed elementor-section-height-default elementor-section-height-default wd-section-disabled\" data-id=\"25dc3f7\" data-element_type=\"section\">\n\t\t\t\t\t\t<div class=\"elementor-container elementor-column-gap-default\">\n\t\t\t\t\t<div class=\"elementor-column elementor-col-50 elementor-top-column elementor-element elementor-element-748fb66\" data-id=\"748fb66\" data-element_type=\"column\">\n\t\t\t<div class=\"elementor-widget-wrap elementor-element-populated\">\n\t\t\t\t\t\t<div class=\"elementor-element elementor-element-b530a3c elementor-widget elementor-widget-wd_title\" data-id=\"b530a3c\" data-element_type=\"widget\" data-widget_type=\"wd_title.default\">\n\t\t\t\t<div class=\"elementor-widget-container\">\n\t\t\t\t\t<div class=\"title-wrapper set-mb-s reset-last-child wd-title-color-default wd-title-style-default wd-title-size-small text-left\">\n\n\t\t\t\n\t\t\t<div class=\"liner-continer\">\n\t\t\t\t<h4 class=\"woodmart-title-container title wd-fontsize-m\">DESTEK TALEB\u0130N\u0130Z\u0130 G\u00d6NDER\u0130N<\/h4> \n\t\t\t\t\t\t\t<\/div>\n\n\t\t\t\t\t<\/div>\n\t\t\t\t<\/div>\n\t\t\t\t<\/div>\n\t\t\t\t<div class=\"elementor-element elementor-element-a5ee9cc elementor-widget elementor-widget-wd_contact_form_7\" data-id=\"a5ee9cc\" data-element_type=\"widget\" data-widget_type=\"wd_contact_form_7.default\">\n\t\t\t\t<div class=\"elementor-widget-container\">\n\t\t\t\n<div class=\"wpcf7 no-js\" id=\"wpcf7-f1572-o1\" lang=\"en-US\" dir=\"ltr\">\n<div class=\"screen-reader-response\"><p role=\"status\" aria-live=\"polite\" aria-atomic=\"true\"><\/p> <ul><\/ul><\/div>\n<form action=\"\/index.php\/wp-json\/wp\/v2\/pages\/8856#wpcf7-f1572-o1\" method=\"post\" class=\"wpcf7-form init\" aria-label=\"Contact form\" novalidate=\"novalidate\" data-status=\"init\">\n<div style=\"display: none;\">\n<input type=\"hidden\" name=\"_wpcf7\" value=\"1572\" \/>\n<input type=\"hidden\" name=\"_wpcf7_version\" value=\"5.9.6\" \/>\n<input type=\"hidden\" name=\"_wpcf7_locale\" value=\"en_US\" \/>\n<input type=\"hidden\" name=\"_wpcf7_unit_tag\" value=\"wpcf7-f1572-o1\" \/>\n<input type=\"hidden\" name=\"_wpcf7_container_post\" value=\"0\" \/>\n<input type=\"hidden\" name=\"_wpcf7_posted_data_hash\" value=\"\" \/>\n<\/div>\n<div class=\"row\">\n\t<p class=\"col-md-6\"><label>Ad\u0131n\u0131z Soyad\u0131n\u0131z<\/label><span class=\"wpcf7-form-control-wrap\" data-name=\"your-name\"><input size=\"40\" maxlength=\"80\" class=\"wpcf7-form-control wpcf7-text wpcf7-validates-as-required\" aria-required=\"true\" aria-invalid=\"false\" value=\"\" type=\"text\" name=\"your-name\" \/><\/span>\n\t<\/p>\n\t<p class=\"col-md-6\"><label>Email Adresiniz<\/label><span class=\"wpcf7-form-control-wrap\" data-name=\"your-email\"><input size=\"40\" maxlength=\"80\" class=\"wpcf7-form-control wpcf7-email wpcf7-validates-as-required wpcf7-text wpcf7-validates-as-email\" aria-required=\"true\" aria-invalid=\"false\" value=\"\" type=\"email\" name=\"your-email\" \/><\/span>\n\t<\/p>\n<\/div>\n<div class=\"row\">\n\t<p class=\"col-md-6\"><label>Telefon Numaran\u0131z<\/label><span class=\"wpcf7-form-control-wrap\" data-name=\"tel-767\"><input size=\"40\" maxlength=\"80\" class=\"wpcf7-form-control wpcf7-tel wpcf7-text wpcf7-validates-as-tel\" aria-invalid=\"false\" value=\"\" type=\"tel\" name=\"tel-767\" \/><\/span>\n\t<\/p>\n\t<p class=\"col-md-6\"><label>Ya\u015fad\u0131\u011f\u0131n\u0131z \u015eehir<\/label><span class=\"wpcf7-form-control-wrap\" data-name=\"text-1\"><input size=\"40\" maxlength=\"80\" class=\"wpcf7-form-control wpcf7-text\" aria-invalid=\"false\" value=\"\" type=\"text\" name=\"text-1\" \/><\/span>\n\t<\/p>\n<\/div>\n<p><label>Mesaj\u0131n\u0131z<\/label><span class=\"wpcf7-form-control-wrap\" data-name=\"your-message\"><textarea cols=\"40\" rows=\"10\" maxlength=\"400\" class=\"wpcf7-form-control wpcf7-textarea\" aria-invalid=\"false\" name=\"your-message\"><\/textarea><\/span>\n<\/p>\n<p><input class=\"wpcf7-form-control wpcf7-submit has-spinner btn-color-black\" type=\"submit\" value=\"Destek Talebini G\u00f6nder\" \/>\n<\/p><div class=\"wpcf7-response-output\" aria-hidden=\"true\"><\/div>\n<\/form>\n<\/div>\n\t\t<\/div>\n\t\t\t\t<\/div>\n\t\t\t\t\t<\/div>\n\t\t<\/div>\n\t\t\t\t<div class=\"elementor-column elementor-col-50 elementor-top-column elementor-element elementor-element-40b71ea color-scheme-light\" data-id=\"40b71ea\" data-element_type=\"column\" data-settings=\"{&quot;background_background&quot;:&quot;classic&quot;}\">\n\t\t\t<div class=\"elementor-widget-wrap elementor-element-populated\">\n\t\t\t\t\t\t<div class=\"elementor-element elementor-element-cc47e65 elementor-widget elementor-widget-wd_title\" data-id=\"cc47e65\" data-element_type=\"widget\" data-widget_type=\"wd_title.default\">\n\t\t\t\t<div class=\"elementor-widget-container\">\n\t\t\t\t\t<div class=\"title-wrapper set-mb-s reset-last-child wd-title-color-white wd-title-style-default wd-title-size-small text-left\">\n\n\t\t\t\n\t\t\t<div class=\"liner-continer\">\n\t\t\t\t<h4 class=\"woodmart-title-container title wd-fontsize-m\">\u0130LET\u0130\u015e\u0130M B\u0130LG\u0130LER\u0130<\/h4> \n\t\t\t\t\t\t\t<\/div>\n\n\t\t\t\t\t<\/div>\n\t\t\t\t<\/div>\n\t\t\t\t<\/div>\n\t\t\t\t<div class=\"elementor-element elementor-element-313f937 elementor-widget elementor-widget-wd_infobox\" data-id=\"313f937\" data-element_type=\"widget\" data-widget_type=\"wd_infobox.default\">\n\t\t\t\t<div class=\"elementor-widget-container\">\n\t\t\t\t\t<div class=\"info-box-wrapper\">\n\t\t\t<div class=\"wd-info-box text-left box-icon-align-left box-style-base color-scheme- box-title-default woodmart-info-box cursor-pointer\" onclick=\"window.location.href='#'\">\n\t\t\t\t\t\t\t\t\t<div class=\"box-icon-wrapper  box-with-icon box-icon-simple\">\n\t\t\t\t\t\t<div class=\"info-box-icon\">\n\t\t\t\t\t\t\t\t\t\t\t\t\t\t\t<span class=\"info-svg-wrapper info-icon\" style=\"width:30px; height:30px;\"><svg id=\"svg-2644\" xmlns=\"http:\/\/www.w3.org\/2000\/svg\" xmlns:xlink=\"http:\/\/www.w3.org\/1999\/xlink\" version=\"1.1\" id=\"svg-3596\" x=\"0px\" y=\"0px\" viewBox=\"0 0 54.757 54.757\" style=\"enable-background:new 0 0 54.757 54.757;\" xml:space=\"preserve\"><g><path d=\"M27.557,12c-3.859,0-7,3.141-7,7s3.141,7,7,7s7-3.141,7-7S31.416,12,27.557,12z M27.557,24c-2.757,0-5-2.243-5-5 s2.243-5,5-5s5,2.243,5,5S30.314,24,27.557,24z\" fill=\"currentColor\"><\/path><path d=\"M40.94,5.617C37.318,1.995,32.502,0,27.38,0c-5.123,0-9.938,1.995-13.56,5.617c-6.703,6.702-7.536,19.312-1.804,26.952 L27.38,54.757L42.721,32.6C48.476,24.929,47.643,12.319,40.94,5.617z M41.099,31.431L27.38,51.243L13.639,31.4 C8.44,24.468,9.185,13.08,15.235,7.031C18.479,3.787,22.792,2,27.38,2s8.901,1.787,12.146,5.031 C45.576,13.08,46.321,24.468,41.099,31.431z\" fill=\"currentColor\"><\/path><\/g><g><\/g><g><\/g><g><\/g><g><\/g><g><\/g><g><\/g><g><\/g><g><\/g><g><\/g><g><\/g><g><\/g><g><\/g><g><\/g><g><\/g><g><\/g><\/svg> <\/span>\t\t\t\t\t\t\t\t\t\t\t\t\t<\/div>\n\t\t\t\t\t<\/div>\n\t\t\t\t\n\t\t\t\t<div class=\"info-box-content\">\n\t\t\t\t\t\n\t\t\t\t\t\n\t\t\t\t\t<div class=\"info-box-inner set-cont-mb-s reset-last-child\"\n\t\t\t\t\t\t data-elementor-setting-key=\"content\">\n\t\t\t\t\t\t<p>Perpa \u0130\u015f Merkezi A Blok<br \/>\nKat :8 No: 755 P.K. 34384<br \/>\n\u015ei\u015fli \/ \u0130stanbul \u2013 T\u00fcrkiye<\/p>\n\t\t\t\t\t<\/div>\n\t\n\t\t\t\t\t\t\t\t\t<\/div>\n\t\t\t<\/div>\n\t\t<\/div>\n\t\t\t\t<\/div>\n\t\t\t\t<\/div>\n\t\t\t\t<div class=\"elementor-element elementor-element-996d64c elementor-widget elementor-widget-wd_infobox\" data-id=\"996d64c\" data-element_type=\"widget\" data-widget_type=\"wd_infobox.default\">\n\t\t\t\t<div class=\"elementor-widget-container\">\n\t\t\t\t\t<div class=\"info-box-wrapper\">\n\t\t\t<div class=\"wd-info-box text-left box-icon-align-left box-style-base color-scheme- box-title-default woodmart-info-box cursor-pointer\" onclick=\"window.location.href='#'\">\n\t\t\t\t\t\t\t\t\t<div class=\"box-icon-wrapper  box-with-icon box-icon-simple\">\n\t\t\t\t\t\t<div class=\"info-box-icon\">\n\t\t\t\t\t\t\t\t\t\t\t\t\t\t\t<span class=\"info-svg-wrapper info-icon\" style=\"width:30px; height:30px;\"><svg id=\"svg-3252\" xmlns=\"http:\/\/www.w3.org\/2000\/svg\" xmlns:xlink=\"http:\/\/www.w3.org\/1999\/xlink\" version=\"1.1\" id=\"svg-5981\" x=\"0px\" y=\"0px\" viewBox=\"0 0 60 60\" style=\"enable-background:new 0 0 60 60;\" xml:space=\"preserve\"><g><path d=\"M42.595,0H17.405C14.977,0,13,1.977,13,4.405v51.189C13,58.023,14.977,60,17.405,60h25.189C45.023,60,47,58.023,47,55.595 V4.405C47,1.977,45.023,0,42.595,0z M15,8h30v38H15V8z M17.405,2h25.189C43.921,2,45,3.079,45,4.405V6H15V4.405 C15,3.079,16.079,2,17.405,2z M42.595,58H17.405C16.079,58,15,56.921,15,55.595V48h30v7.595C45,56.921,43.921,58,42.595,58z\" fill=\"currentColor\"><\/path><path d=\"M30,49c-2.206,0-4,1.794-4,4s1.794,4,4,4s4-1.794,4-4S32.206,49,30,49z M30,55c-1.103,0-2-0.897-2-2s0.897-2,2-2 s2,0.897,2,2S31.103,55,30,55z\" fill=\"currentColor\"><\/path><path d=\"M26,5h4c0.553,0,1-0.447,1-1s-0.447-1-1-1h-4c-0.553,0-1,0.447-1,1S25.447,5,26,5z\" fill=\"currentColor\"><\/path><path d=\"M33,5h1c0.553,0,1-0.447,1-1s-0.447-1-1-1h-1c-0.553,0-1,0.447-1,1S32.447,5,33,5z\" fill=\"currentColor\"><\/path><path d=\"M56.612,4.569c-0.391-0.391-1.023-0.391-1.414,0s-0.391,1.023,0,1.414c3.736,3.736,3.736,9.815,0,13.552 c-0.391,0.391-0.391,1.023,0,1.414c0.195,0.195,0.451,0.293,0.707,0.293s0.512-0.098,0.707-0.293 C61.128,16.434,61.128,9.085,56.612,4.569z\" fill=\"currentColor\"><\/path><path d=\"M52.401,6.845c-0.391-0.391-1.023-0.391-1.414,0s-0.391,1.023,0,1.414c1.237,1.237,1.918,2.885,1.918,4.639 s-0.681,3.401-1.918,4.638c-0.391,0.391-0.391,1.023,0,1.414c0.195,0.195,0.451,0.293,0.707,0.293s0.512-0.098,0.707-0.293 c1.615-1.614,2.504-3.764,2.504-6.052S54.017,8.459,52.401,6.845z\" fill=\"currentColor\"><\/path><path d=\"M4.802,5.983c0.391-0.391,0.391-1.023,0-1.414s-1.023-0.391-1.414,0c-4.516,4.516-4.516,11.864,0,16.38 c0.195,0.195,0.451,0.293,0.707,0.293s0.512-0.098,0.707-0.293c0.391-0.391,0.391-1.023,0-1.414 C1.065,15.799,1.065,9.72,4.802,5.983z\" fill=\"currentColor\"><\/path><path d=\"M9.013,6.569c-0.391-0.391-1.023-0.391-1.414,0c-1.615,1.614-2.504,3.764-2.504,6.052s0.889,4.438,2.504,6.053 c0.195,0.195,0.451,0.293,0.707,0.293s0.512-0.098,0.707-0.293c0.391-0.391,0.391-1.023,0-1.414 c-1.237-1.237-1.918-2.885-1.918-4.639S7.775,9.22,9.013,7.983C9.403,7.593,9.403,6.96,9.013,6.569z\" fill=\"currentColor\"><\/path><\/g><g><\/g><g><\/g><g><\/g><g><\/g><g><\/g><g><\/g><g><\/g><g><\/g><g><\/g><g><\/g><g><\/g><g><\/g><g><\/g><g><\/g><g><\/g><\/svg> <\/span>\t\t\t\t\t\t\t\t\t\t\t\t\t<\/div>\n\t\t\t\t\t<\/div>\n\t\t\t\t\n\t\t\t\t<div class=\"info-box-content\">\n\t\t\t\t\t\n\t\t\t\t\t\n\t\t\t\t\t<div class=\"info-box-inner set-cont-mb-s reset-last-child\"\n\t\t\t\t\t\t data-elementor-setting-key=\"content\">\n\t\t\t\t\t\t<p>+90 212 221 45 46<\/p>\n\t\t\t\t\t<\/div>\n\t\n\t\t\t\t\t\t\t\t\t<\/div>\n\t\t\t<\/div>\n\t\t<\/div>\n\t\t\t\t<\/div>\n\t\t\t\t<\/div>\n\t\t\t\t<div class=\"elementor-element elementor-element-e4b1629 elementor-widget elementor-widget-wd_infobox\" data-id=\"e4b1629\" data-element_type=\"widget\" data-widget_type=\"wd_infobox.default\">\n\t\t\t\t<div class=\"elementor-widget-container\">\n\t\t\t\t\t<div class=\"info-box-wrapper\">\n\t\t\t<div class=\"wd-info-box text-left box-icon-align-left box-style-base color-scheme- box-title-default woodmart-info-box cursor-pointer\" onclick=\"window.location.href='#'\">\n\t\t\t\t\t\t\t\t\t<div class=\"box-icon-wrapper  box-with-icon box-icon-simple\">\n\t\t\t\t\t\t<div class=\"info-box-icon\">\n\t\t\t\t\t\t\t\t\t\t\t\t\t\t\t<span class=\"info-svg-wrapper info-icon\" style=\"width:30px; height:30px;\"><svg id=\"svg-1397\" xmlns=\"http:\/\/www.w3.org\/2000\/svg\" xmlns:xlink=\"http:\/\/www.w3.org\/1999\/xlink\" version=\"1.1\" id=\"svg-8111\" x=\"0px\" y=\"0px\" viewBox=\"0 0 60.062 60.062\" style=\"enable-background:new 0 0 60.062 60.062;\" xml:space=\"preserve\"><path d=\"M60.046,11.196c0.004-0.024,0.011-0.048,0.013-0.072c0.007-0.074-0.001-0.149-0.01-0.224 c-0.002-0.019,0.001-0.037-0.002-0.056c-0.018-0.099-0.051-0.196-0.1-0.289c-0.008-0.016-0.019-0.031-0.028-0.047 c-0.002-0.002-0.002-0.005-0.003-0.008c-0.001-0.002-0.004-0.003-0.005-0.006c-0.007-0.011-0.013-0.023-0.02-0.033 c-0.062-0.091-0.137-0.166-0.221-0.23c-0.019-0.014-0.041-0.022-0.061-0.035c-0.074-0.049-0.152-0.089-0.236-0.116 c-0.037-0.012-0.074-0.018-0.112-0.025c-0.073-0.015-0.146-0.022-0.222-0.02c-0.04,0.001-0.078,0.003-0.118,0.009 c-0.026,0.004-0.051,0-0.077,0.006L0.798,22.046c-0.413,0.086-0.729,0.421-0.788,0.839s0.15,0.828,0.523,1.025l16.632,8.773 l2.917,16.187c-0.002,0.012,0.001,0.025,0,0.037c-0.01,0.08-0.011,0.158-0.001,0.237c0.005,0.04,0.01,0.078,0.02,0.117 c0.023,0.095,0.06,0.184,0.11,0.268c0.01,0.016,0.01,0.035,0.021,0.051c0.003,0.005,0.008,0.009,0.012,0.013 c0.013,0.019,0.031,0.034,0.046,0.053c0.047,0.058,0.096,0.111,0.152,0.156c0.009,0.007,0.015,0.018,0.025,0.025 c0.015,0.011,0.032,0.014,0.047,0.024c0.061,0.04,0.124,0.073,0.191,0.099c0.027,0.01,0.052,0.022,0.08,0.03 c0.09,0.026,0.183,0.044,0.277,0.044c0.001,0,0.002,0,0.003,0h0c0,0,0,0,0,0c0.004,0,0.008-0.002,0.012-0.002 c0.017,0.001,0.034,0.002,0.051,0.002c0.277,0,0.527-0.124,0.712-0.315l11.079-7.386l11.6,7.54c0.164,0.106,0.354,0.161,0.545,0.161 c0.105,0,0.212-0.017,0.315-0.051c0.288-0.096,0.518-0.318,0.623-0.604l13.996-37.989c0.013-0.034,0.024-0.069,0.033-0.105 c0.004-0.015,0.005-0.03,0.008-0.044C60.042,11.22,60.044,11.208,60.046,11.196z M48.464,17.579L24.471,35.22 c-0.039,0.029-0.07,0.065-0.104,0.099c-0.013,0.012-0.026,0.022-0.037,0.035c-0.021,0.023-0.04,0.046-0.059,0.071 c-0.018,0.024-0.032,0.049-0.048,0.074c-0.037,0.06-0.068,0.122-0.092,0.188c-0.005,0.013-0.013,0.023-0.017,0.036 c-0.001,0.004-0.005,0.006-0.006,0.01l-2.75,8.937l-2.179-12.091L48.464,17.579z M22.908,46.594l2.726-9.004l4.244,2.759 l1.214,0.789l-4.124,2.749L22.908,46.594z M52.044,13.498L18.071,30.899l-14.14-7.458L52.044,13.498z M44.559,47.504L29.154,37.492 l-2.333-1.517l30.154-22.172L44.559,47.504z\" fill=\"currentColor\"><\/path><g><\/g><g><\/g><g><\/g><g><\/g><g><\/g><g><\/g><g><\/g><g><\/g><g><\/g><g><\/g><g><\/g><g><\/g><g><\/g><g><\/g><g><\/g><\/svg> <\/span>\t\t\t\t\t\t\t\t\t\t\t\t\t<\/div>\n\t\t\t\t\t<\/div>\n\t\t\t\t\n\t\t\t\t<div class=\"info-box-content\">\n\t\t\t\t\t\n\t\t\t\t\t\n\t\t\t\t\t<div class=\"info-box-inner set-cont-mb-s reset-last-child\"\n\t\t\t\t\t\t data-elementor-setting-key=\"content\">\n\t\t\t\t\t\t<p>destek@cankatranslator.com<\/p>\n\t\t\t\t\t<\/div>\n\t\n\t\t\t\t\t\t\t\t\t<\/div>\n\t\t\t<\/div>\n\t\t<\/div>\n\t\t\t\t<\/div>\n\t\t\t\t<\/div>\n\t\t\t\t<div class=\"elementor-element elementor-element-5a90c09 color-scheme-light text-left elementor-widget elementor-widget-text-editor\" data-id=\"5a90c09\" data-element_type=\"widget\" data-widget_type=\"text-editor.default\">\n\t\t\t\t<div class=\"elementor-widget-container\">\n\t\t\t<style>\/*! elementor - v3.20.0 - 26-03-2024 *\/\n.elementor-widget-text-editor.elementor-drop-cap-view-stacked .elementor-drop-cap{background-color:#69727d;color:#fff}.elementor-widget-text-editor.elementor-drop-cap-view-framed .elementor-drop-cap{color:#69727d;border:3px solid;background-color:transparent}.elementor-widget-text-editor:not(.elementor-drop-cap-view-default) .elementor-drop-cap{margin-top:8px}.elementor-widget-text-editor:not(.elementor-drop-cap-view-default) .elementor-drop-cap-letter{width:1em;height:1em}.elementor-widget-text-editor .elementor-drop-cap{float:left;text-align:center;line-height:1;font-size:50px}.elementor-widget-text-editor .elementor-drop-cap-letter{display:inline-block}<\/style>\t\t\t\t<p>Size \u00fcr\u00fcn\u00fcm\u00fczle ilgili nas\u0131l yard\u0131mc\u0131 olabilece\u011fimiz hakk\u0131nda sorular\u0131n\u0131z m\u0131 var? Bize bir e-posta g\u00f6nderin, k\u0131sa s\u00fcre i\u00e7inde sizinle ileti\u015fime ge\u00e7ece\u011fiz.<\/p>\t\t\t\t\t\t<\/div>\n\t\t\t\t<\/div>\n\t\t\t\t\t<\/div>\n\t\t<\/div>\n\t\t\t\t\t<\/div>\n\t\t<\/section>\n\t\t\t\t<\/div>\n\t\t\t\t\t\t<\/div>\n\t\t\t<\/div>\n\t\t\t\t\t\t<\/div>\n\t\t\t\t<\/div>\n\t\t\t\t<div class=\"elementor-element elementor-element-046b4a5 elementor-widget elementor-widget-wd_button\" data-id=\"046b4a5\" data-element_type=\"widget\" data-widget_type=\"wd_button.default\">\n\t\t\t\t<div class=\"elementor-widget-container\">\n\t\t\t\t\t<div class=\"wd-button-wrapper woodmart-button-wrapper text-center\" >\n\t\t\t<a class=\"btn btn-style-link btn-style- btn-size-default btn-color-white btn-icon-pos-right\"  href=\"https:\/\/cankatranslator.com\">\n\t\t\t\t<span class=\"wd-btn-text\" data-elementor-setting-key=\"text\">\n\t\t\t\t\tANASAYFAYA D\u00d6N\t\t\t\t<\/span>\n\n\t\t\t\t\t\t\t<\/a>\n\t\t<\/div>\n\t\t\t\t<\/div>\n\t\t\t\t<\/div>\n\t\t\t\t\t<\/div>\n\t\t<\/div>\n\t\t\t\t<div class=\"elementor-column elementor-col-66 elementor-top-column elementor-element elementor-element-50aa78a5\" data-id=\"50aa78a5\" data-element_type=\"column\" data-settings=\"{&quot;background_background&quot;:&quot;classic&quot;}\">\n\t\t\t<div class=\"elementor-widget-wrap elementor-element-populated\">\n\t\t\t\t\t\t<div class=\"elementor-element elementor-element-1d2903a8 elementor-widget elementor-widget-spacer\" data-id=\"1d2903a8\" data-element_type=\"widget\" data-widget_type=\"spacer.default\">\n\t\t\t\t<div class=\"elementor-widget-container\">\n\t\t\t<style>\/*! elementor - v3.20.0 - 26-03-2024 *\/\n.elementor-column .elementor-spacer-inner{height:var(--spacer-size)}.e-con{--container-widget-width:100%}.e-con-inner>.elementor-widget-spacer,.e-con>.elementor-widget-spacer{width:var(--container-widget-width,var(--spacer-size));--align-self:var(--container-widget-align-self,initial);--flex-shrink:0}.e-con-inner>.elementor-widget-spacer>.elementor-widget-container,.e-con>.elementor-widget-spacer>.elementor-widget-container{height:100%;width:100%}.e-con-inner>.elementor-widget-spacer>.elementor-widget-container>.elementor-spacer,.e-con>.elementor-widget-spacer>.elementor-widget-container>.elementor-spacer{height:100%}.e-con-inner>.elementor-widget-spacer>.elementor-widget-container>.elementor-spacer>.elementor-spacer-inner,.e-con>.elementor-widget-spacer>.elementor-widget-container>.elementor-spacer>.elementor-spacer-inner{height:var(--container-widget-height,var(--spacer-size))}.e-con-inner>.elementor-widget-spacer.elementor-widget-empty,.e-con>.elementor-widget-spacer.elementor-widget-empty{position:relative;min-height:22px;min-width:22px}.e-con-inner>.elementor-widget-spacer.elementor-widget-empty .elementor-widget-empty-icon,.e-con>.elementor-widget-spacer.elementor-widget-empty .elementor-widget-empty-icon{position:absolute;top:0;bottom:0;left:0;right:0;margin:auto;padding:0;width:22px;height:22px}<\/style>\t\t<div class=\"elementor-spacer\">\n\t\t\t<div class=\"elementor-spacer-inner\"><\/div>\n\t\t<\/div>\n\t\t\t\t<\/div>\n\t\t\t\t<\/div>\n\t\t\t\t\t<\/div>\n\t\t<\/div>\n\t\t\t\t\t<\/div>\n\t\t<\/section>\n\t\t\t\t<\/div>\n\t\t","protected":false},"excerpt":{"rendered":"<p>S\u0130ZE NASIL YARDIMCI OLAB\u0130L\u0130R\u0130Z ? DESTEK TALEB\u0130 \u00dcr\u00fcnlerimiz ile ilgili ya\u015fad\u0131\u011f\u0131n\u0131z sorunlar\u0131 kullan\u0131c\u0131 panelinizden destek talebi olarak bize iletebilirsiniz. \u0130letmi\u015f<\/p>\n","protected":false},"author":1,"featured_media":0,"parent":0,"menu_order":0,"comment_status":"closed","ping_status":"closed","template":"maintenance.php","meta":{"footnotes":""},"class_list":["post-8856","page","type-page","status-publish","hentry"],"_links":{"self":[{"href":"http:\/\/destek.cankatranslator.com\/index.php\/wp-json\/wp\/v2\/pages\/8856","targetHints":{"allow":["GET"]}}],"collection":[{"href":"http:\/\/destek.cankatranslator.com\/index.php\/wp-json\/wp\/v2\/pages"}],"about":[{"href":"http:\/\/destek.cankatranslator.com\/index.php\/wp-json\/wp\/v2\/types\/page"}],"author":[{"embeddable":true,"href":"http:\/\/destek.cankatranslator.com\/index.php\/wp-json\/wp\/v2\/users\/1"}],"replies":[{"embeddable":true,"href":"http:\/\/destek.cankatranslator.com\/index.php\/wp-json\/wp\/v2\/comments?post=8856"}],"version-history":[{"count":25,"href":"http:\/\/destek.cankatranslator.com\/index.php\/wp-json\/wp\/v2\/pages\/8856\/revisions"}],"predecessor-version":[{"id":8895,"href":"http:\/\/destek.cankatranslator.com\/index.php\/wp-json\/wp\/v2\/pages\/8856\/revisions\/8895"}],"wp:attachment":[{"href":"http:\/\/destek.cankatranslator.com\/index.php\/wp-json\/wp\/v2\/media?parent=8856"}],"curies":[{"name":"wp","href":"https:\/\/api.w.org\/{rel}","templated":true}]}}